{"id":4646,"date":"2023-06-04T17:32:20","date_gmt":"2023-06-04T17:32:20","guid":{"rendered":"https:\/\/hsls.hr\/web\/?page_id=4646"},"modified":"2023-06-04T18:49:28","modified_gmt":"2023-06-04T18:49:28","slug":"uvjeti-koristenja","status":"publish","type":"page","link":"https:\/\/hsls.hr\/web\/uvjeti-koristenja\/","title":{"rendered":"Uvjeti kori\u0161tenja"},"content":{"rendered":"\t\t<div data-elementor-type=\"wp-page\" data-elementor-id=\"4646\" class=\"elementor elementor-4646\">\n\t\t\t\t<div class=\"elementor-element elementor-element-c86e095 e-flex e-con-boxed e-con e-parent\" data-id=\"c86e095\" data-element_type=\"container\" data-e-type=\"container\">\n\t\t\t\t\t<div class=\"e-con-inner\">\n\t\t\t\t<div class=\"elementor-element elementor-element-6401e96 elementor-widget elementor-widget-image\" data-id=\"6401e96\" data-element_type=\"widget\" data-e-type=\"widget\" data-widget_type=\"image.default\">\n\t\t\t\t<div class=\"elementor-widget-container\">\n\t\t\t\t\t\t\t\t\t\t\t\t\t\t\t<img decoding=\"async\" src=\"https:\/\/hsls.hr\/web\/wp-content\/uploads\/2023\/06\/cybersecurity-and-privacy-concept.jpg\" title=\"\" alt=\"\" loading=\"lazy\" \/>\t\t\t\t\t\t\t\t\t\t\t\t\t\t\t<\/div>\n\t\t\t\t<\/div>\n\t\t\t\t\t<\/div>\n\t\t\t\t<\/div>\n\t\t<div class=\"elementor-element elementor-element-86f688b e-flex e-con-boxed e-con e-parent\" data-id=\"86f688b\" data-element_type=\"container\" data-e-type=\"container\">\n\t\t\t\t\t<div class=\"e-con-inner\">\n\t\t\t\t<div class=\"elementor-element elementor-element-7484de2f elementor-widget elementor-widget-penci-text-block\" data-id=\"7484de2f\" data-element_type=\"widget\" data-e-type=\"widget\" data-widget_type=\"penci-text-block.default\">\n\t\t\t\t<div class=\"elementor-widget-container\">\n\t\t\t\t\t\t\t<div class=\"penci-block-vc penci-text-editor\">\n\t\t\t\t\t\t<div class=\"penci-block_content\">\n\t\t\t\t<div class=\"elementor-text-editor elementor-clearfix\"><h1>UVJETI KORI\u0160TENJA<\/h1><p>Kori\u0161tenjem internet stranica HSLS-a smatra se da su korisnici upoznati s ovim uvjetima kori\u0161tenja te da ih u potpunosti razumiju i prihva\u0107aju. HSLS zadr\u017eava pravo izmjene sadr\u017eaja i uvjeta kori\u0161tenja Internet stranice bez obaveze prethodne najave te nije odgovoran za bilo kakvu \u0161tetu nastalu takvim promjenama.<\/p><p>\u00a0<\/p><p>HSLS se u potpunosti odri\u010de svake odgovornosti koja je na bilo koji na\u010din vezana uz kori\u0161tenje stranice od strane korisnika, te za bilo kakvu \u0161tetu koja mo\u017ee nastati korisniku ili tre\u0107oj strani u vezi s uporabom sadr\u017eaja stranice. HSLS ne odgovara za sadr\u017eaj drugih stranica na koje upu\u0107uje poveznicama.<\/p><p>\u00a0<\/p><p>Tekstovi i informacije na stranici intelektualno su vlasni\u0161tvo HSLS-a i ne smiju se reproducirati, distribuirati ili na bilo koji drugi na\u010din koristiti bez pisanog odobrenja HSLS-a.<\/p><\/div>\n\t\t\t<\/div>\n\t\t<\/div>\n\t\t\t\t\t\t<\/div>\n\t\t\t\t<\/div>\n\t\t\t\t\t<\/div>\n\t\t\t\t<\/div>\n\t\t\t\t<\/div>\n\t\t","protected":false},"excerpt":{"rendered":"<p>UVJETI KORI\u0160TENJA Kori\u0161tenjem internet stranica HSLS-a smatra se da su korisnici upoznati s ovim uvjetima kori\u0161tenja te da ih u potpunosti razumiju i prihva\u0107aju. HSLS zadr\u017eava pravo izmjene sadr\u017eaja i&hellip;<\/p>\n","protected":false},"author":1,"featured_media":0,"parent":0,"menu_order":0,"comment_status":"closed","ping_status":"closed","template":"page-fullwidth.php","meta":{"_lmt_disableupdate":"","_lmt_disable":"","footnotes":""},"class_list":["post-4646","page","type-page","status-publish","hentry"],"yoast_head":"<!-- This site is optimized with the Yoast SEO plugin v27.4 - https:\/\/yoast.com\/product\/yoast-seo-wordpress\/ -->\n<title>Uvjeti kori\u0161tenja - HSLS<\/title>\n<meta name=\"robots\" content=\"index, follow, max-snippet:-1, max-image-preview:large, max-video-preview:-1\" \/>\n<link rel=\"canonical\" href=\"https:\/\/hsls.hr\/web\/uvjeti-koristenja\/\" \/>\n<meta property=\"og:locale\" content=\"hr_HR\" \/>\n<meta property=\"og:type\" content=\"article\" \/>\n<meta property=\"og:title\" content=\"Uvjeti kori\u0161tenja - HSLS\" \/>\n<meta property=\"og:description\" content=\"UVJETI KORI\u0160TENJA Kori\u0161tenjem internet stranica HSLS-a smatra se da su korisnici upoznati s ovim uvjetima kori\u0161tenja te da ih u potpunosti razumiju i prihva\u0107aju. HSLS zadr\u017eava pravo izmjene sadr\u017eaja i&hellip;\" \/>\n<meta property=\"og:url\" content=\"https:\/\/hsls.hr\/web\/uvjeti-koristenja\/\" \/>\n<meta property=\"og:site_name\" content=\"HSLS\" \/>\n<meta property=\"article:modified_time\" content=\"2023-06-04T18:49:28+00:00\" \/>\n<meta property=\"og:image\" content=\"https:\/\/hsls.hr\/web\/wp-content\/uploads\/2023\/06\/cybersecurity-and-privacy-concept-768x432.jpg\" \/>\n<meta name=\"twitter:card\" content=\"summary_large_image\" \/>\n<meta name=\"twitter:label1\" content=\"Procijenjeno vrijeme \u010ditanja\" \/>\n\t<meta name=\"twitter:data1\" content=\"1 minuta\" \/>\n<script type=\"application\/ld+json\" class=\"yoast-schema-graph\">{\"@context\":\"https:\\\/\\\/schema.org\",\"@graph\":[{\"@type\":\"WebPage\",\"@id\":\"https:\\\/\\\/hsls.hr\\\/web\\\/uvjeti-koristenja\\\/\",\"url\":\"https:\\\/\\\/hsls.hr\\\/web\\\/uvjeti-koristenja\\\/\",\"name\":\"Uvjeti kori\u0161tenja - HSLS\",\"isPartOf\":{\"@id\":\"https:\\\/\\\/hsls.hr\\\/web\\\/#website\"},\"primaryImageOfPage\":{\"@id\":\"https:\\\/\\\/hsls.hr\\\/web\\\/uvjeti-koristenja\\\/#primaryimage\"},\"image\":{\"@id\":\"https:\\\/\\\/hsls.hr\\\/web\\\/uvjeti-koristenja\\\/#primaryimage\"},\"thumbnailUrl\":\"https:\\\/\\\/hsls.hr\\\/web\\\/wp-content\\\/uploads\\\/2023\\\/06\\\/cybersecurity-and-privacy-concept-768x432.jpg\",\"datePublished\":\"2023-06-04T17:32:20+00:00\",\"dateModified\":\"2023-06-04T18:49:28+00:00\",\"breadcrumb\":{\"@id\":\"https:\\\/\\\/hsls.hr\\\/web\\\/uvjeti-koristenja\\\/#breadcrumb\"},\"inLanguage\":\"hr\",\"potentialAction\":[{\"@type\":\"ReadAction\",\"target\":[\"https:\\\/\\\/hsls.hr\\\/web\\\/uvjeti-koristenja\\\/\"]}]},{\"@type\":\"ImageObject\",\"inLanguage\":\"hr\",\"@id\":\"https:\\\/\\\/hsls.hr\\\/web\\\/uvjeti-koristenja\\\/#primaryimage\",\"url\":\"https:\\\/\\\/hsls.hr\\\/web\\\/wp-content\\\/uploads\\\/2023\\\/06\\\/cybersecurity-and-privacy-concept-768x432.jpg\",\"contentUrl\":\"https:\\\/\\\/hsls.hr\\\/web\\\/wp-content\\\/uploads\\\/2023\\\/06\\\/cybersecurity-and-privacy-concept-768x432.jpg\"},{\"@type\":\"BreadcrumbList\",\"@id\":\"https:\\\/\\\/hsls.hr\\\/web\\\/uvjeti-koristenja\\\/#breadcrumb\",\"itemListElement\":[{\"@type\":\"ListItem\",\"position\":1,\"name\":\"Po\u010detna stranica\",\"item\":\"https:\\\/\\\/hsls.hr\\\/web\\\/\"},{\"@type\":\"ListItem\",\"position\":2,\"name\":\"Uvjeti kori\u0161tenja\"}]},{\"@type\":\"WebSite\",\"@id\":\"https:\\\/\\\/hsls.hr\\\/web\\\/#website\",\"url\":\"https:\\\/\\\/hsls.hr\\\/web\\\/\",\"name\":\"HSLS\",\"description\":\"Hrvatska socijalno-liberalna stranka\",\"potentialAction\":[{\"@type\":\"SearchAction\",\"target\":{\"@type\":\"EntryPoint\",\"urlTemplate\":\"https:\\\/\\\/hsls.hr\\\/web\\\/?s={search_term_string}\"},\"query-input\":{\"@type\":\"PropertyValueSpecification\",\"valueRequired\":true,\"valueName\":\"search_term_string\"}}],\"inLanguage\":\"hr\"}]}<\/script>\n<!-- \/ Yoast SEO plugin. -->","yoast_head_json":{"title":"Uvjeti kori\u0161tenja - HSLS","robots":{"index":"index","follow":"follow","max-snippet":"max-snippet:-1","max-image-preview":"max-image-preview:large","max-video-preview":"max-video-preview:-1"},"canonical":"https:\/\/hsls.hr\/web\/uvjeti-koristenja\/","og_locale":"hr_HR","og_type":"article","og_title":"Uvjeti kori\u0161tenja - HSLS","og_description":"UVJETI KORI\u0160TENJA Kori\u0161tenjem internet stranica HSLS-a smatra se da su korisnici upoznati s ovim uvjetima kori\u0161tenja te da ih u potpunosti razumiju i prihva\u0107aju. HSLS zadr\u017eava pravo izmjene sadr\u017eaja i&hellip;","og_url":"https:\/\/hsls.hr\/web\/uvjeti-koristenja\/","og_site_name":"HSLS","article_modified_time":"2023-06-04T18:49:28+00:00","og_image":[{"url":"https:\/\/hsls.hr\/web\/wp-content\/uploads\/2023\/06\/cybersecurity-and-privacy-concept-768x432.jpg","type":"","width":"","height":""}],"twitter_card":"summary_large_image","twitter_misc":{"Procijenjeno vrijeme \u010ditanja":"1 minuta"},"schema":{"@context":"https:\/\/schema.org","@graph":[{"@type":"WebPage","@id":"https:\/\/hsls.hr\/web\/uvjeti-koristenja\/","url":"https:\/\/hsls.hr\/web\/uvjeti-koristenja\/","name":"Uvjeti kori\u0161tenja - HSLS","isPartOf":{"@id":"https:\/\/hsls.hr\/web\/#website"},"primaryImageOfPage":{"@id":"https:\/\/hsls.hr\/web\/uvjeti-koristenja\/#primaryimage"},"image":{"@id":"https:\/\/hsls.hr\/web\/uvjeti-koristenja\/#primaryimage"},"thumbnailUrl":"https:\/\/hsls.hr\/web\/wp-content\/uploads\/2023\/06\/cybersecurity-and-privacy-concept-768x432.jpg","datePublished":"2023-06-04T17:32:20+00:00","dateModified":"2023-06-04T18:49:28+00:00","breadcrumb":{"@id":"https:\/\/hsls.hr\/web\/uvjeti-koristenja\/#breadcrumb"},"inLanguage":"hr","potentialAction":[{"@type":"ReadAction","target":["https:\/\/hsls.hr\/web\/uvjeti-koristenja\/"]}]},{"@type":"ImageObject","inLanguage":"hr","@id":"https:\/\/hsls.hr\/web\/uvjeti-koristenja\/#primaryimage","url":"https:\/\/hsls.hr\/web\/wp-content\/uploads\/2023\/06\/cybersecurity-and-privacy-concept-768x432.jpg","contentUrl":"https:\/\/hsls.hr\/web\/wp-content\/uploads\/2023\/06\/cybersecurity-and-privacy-concept-768x432.jpg"},{"@type":"BreadcrumbList","@id":"https:\/\/hsls.hr\/web\/uvjeti-koristenja\/#breadcrumb","itemListElement":[{"@type":"ListItem","position":1,"name":"Po\u010detna stranica","item":"https:\/\/hsls.hr\/web\/"},{"@type":"ListItem","position":2,"name":"Uvjeti kori\u0161tenja"}]},{"@type":"WebSite","@id":"https:\/\/hsls.hr\/web\/#website","url":"https:\/\/hsls.hr\/web\/","name":"HSLS","description":"Hrvatska socijalno-liberalna stranka","potentialAction":[{"@type":"SearchAction","target":{"@type":"EntryPoint","urlTemplate":"https:\/\/hsls.hr\/web\/?s={search_term_string}"},"query-input":{"@type":"PropertyValueSpecification","valueRequired":true,"valueName":"search_term_string"}}],"inLanguage":"hr"}]}},"_links":{"self":[{"href":"https:\/\/hsls.hr\/web\/wp-json\/wp\/v2\/pages\/4646","targetHints":{"allow":["GET"]}}],"collection":[{"href":"https:\/\/hsls.hr\/web\/wp-json\/wp\/v2\/pages"}],"about":[{"href":"https:\/\/hsls.hr\/web\/wp-json\/wp\/v2\/types\/page"}],"author":[{"embeddable":true,"href":"https:\/\/hsls.hr\/web\/wp-json\/wp\/v2\/users\/1"}],"replies":[{"embeddable":true,"href":"https:\/\/hsls.hr\/web\/wp-json\/wp\/v2\/comments?post=4646"}],"version-history":[{"count":19,"href":"https:\/\/hsls.hr\/web\/wp-json\/wp\/v2\/pages\/4646\/revisions"}],"predecessor-version":[{"id":4674,"href":"https:\/\/hsls.hr\/web\/wp-json\/wp\/v2\/pages\/4646\/revisions\/4674"}],"wp:attachment":[{"href":"https:\/\/hsls.hr\/web\/wp-json\/wp\/v2\/media?parent=4646"}],"curies":[{"name":"wp","href":"https:\/\/api.w.org\/{rel}","templated":true}]}}