{"id":4568,"date":"2023-06-04T16:36:32","date_gmt":"2023-06-04T16:36:32","guid":{"rendered":"https:\/\/hsls.hr\/web\/?page_id=4568"},"modified":"2023-06-04T17:30:53","modified_gmt":"2023-06-04T17:30:53","slug":"politika-privatnosti","status":"publish","type":"page","link":"https:\/\/hsls.hr\/web\/politika-privatnosti\/","title":{"rendered":"Politika privatnosti"},"content":{"rendered":"\t\t<div data-elementor-type=\"wp-page\" data-elementor-id=\"4568\" class=\"elementor elementor-4568\">\n\t\t\t\t<div class=\"elementor-element elementor-element-bf113bc e-flex e-con-boxed e-con e-parent\" data-id=\"bf113bc\" data-element_type=\"container\" data-e-type=\"container\">\n\t\t\t\t\t<div class=\"e-con-inner\">\n\t\t\t\t<div class=\"elementor-element elementor-element-f249bdc elementor-widget elementor-widget-penci-text-block\" data-id=\"f249bdc\" data-element_type=\"widget\" data-e-type=\"widget\" data-widget_type=\"penci-text-block.default\">\n\t\t\t\t<div class=\"elementor-widget-container\">\n\t\t\t\t\t\t\t<div class=\"penci-block-vc penci-text-editor\">\n\t\t\t\t\t\t<div class=\"penci-block_content\">\n\t\t\t\t<div class=\"elementor-text-editor elementor-clearfix\"><h1>POLITIKA PRIVATNOSTI<\/h1><h3>Voditelj obrade podataka<\/h3><p>HSLS \u2013 Hrvatska socijalno-liberalna stranka s registriranim sjedi\u0161tem u Trg Nikole Zrinskog 17\/1, 10 000 Zagreb, je voditelj obrade Va\u0161ih osobnih podataka.<\/p><p>Politika privatnosti primjenjuje se na sve osobne podatke \u010dlanova koje prikupljamo i obra\u0111ujemo, izravno ili putem svojih \u010dlanova.<\/p><p><b>Osobni podatak<\/b> je svaki podatak koji se odnosi na fizi\u010dku osobu \u010diji je identitet utvr\u0111en ili se mo\u017ee utvrditi, izravno ili neizravno.<\/p><p><b>Obrada podataka<\/b> je bilo koja radnja izvr\u0161ena na osobnim podacima, poput primjerice prikupljanja, pohrane, upotrebe, uvida i prijenosa osobnih podataka.<\/p><p>Ova Politika se ne primjenjuje na anonimne podatke. Anonimni podatak je podatak koji se ne mo\u017ee povezati s odre\u0111enom fizi\u010dkom osobom.<\/p><p>\u00a0<\/p><p>HSLS \u2013 Hrvatska socijalno-liberalna stranka<br \/>Trg Nikole Zrinskog 17\/1<br \/>10000 Zagreb<br \/>Tel: +385 1 4810 401<br \/>E-mail: hsls@hsls.hr<\/p><p>\u00a0<\/p><p>\u00a0<\/p><h3>Kako prikupljamo Va\u0161e osobne podatke<\/h3><p>HSLS obra\u0111uje Va\u0161e osobne podatke, izme\u0111u ostalog, u sljede\u0107im slu\u010dajevima:<\/p><p>\u00a0<\/p><p>\u00a0<\/p><ul><li>ako ste nam dali svoje osobne podatke izravno, putem e-mail-a ili putem kontakt forme na web stranicama<\/li><li>ako nam je postoje\u0107i \u010dlan proslijedio Va\u0161e osobne podatke na dozvoljen na\u010din.<\/li><\/ul><p>Ako pru\u017eate podatke u ime druge osobe, morate se pobrinuti da je ta osoba upoznata s ovim pravilima o za\u0161titi privatnosti prije no \u0161to to u\u010dinite. Ako ste mla\u0111i od 16 godina, molimo vas da nam ne pru\u017eate nikakve podatke bez odobrenja roditelja ili skrbnika.\u00a0<span style=\"font-size: inherit; text-align: inherit; font-family: var(--pcbody-font);\">Pomozite nam da a\u017euriramo Va\u0161e podatke tako \u0161to \u0107ete nas obavijestiti o svim promjenama Va\u0161ih osobnih podataka.<\/span><\/p><p><span style=\"font-size: inherit; text-align: inherit; font-family: var(--pcbody-font);\">\u00a0<\/span><\/p><h3><span style=\"font-size: inherit; text-align: inherit; font-family: var(--pcbody-font);\">Koji se podaci o Vama mogu prikupljati<\/span><\/h3><p><strong><span style=\"font-size: inherit; text-align: inherit; font-family: var(--pcbody-font);\">U svrhu evidencije \u010dlanova unutar stranke sljede\u0107e vrste podataka mo\u017eemo prikupljati o Vama:<\/span><\/strong><\/p><p>Ime i prezime, Titula, Adresa, Kontakt broj, E-mail adresa, Datum ro\u0111enja, Naziv dru\u0161tva u kojem radite, OIB, Stru\u010dna sprema, Spol, Zanimanje, Zvanje, Ogranak, Du\u017enost u ogranku, Du\u017enost u \u017eupaniji, Tijela stranke u koja ste uklju\u010deni, Dr\u017eavna du\u017enost, Du\u017enost u gradskoj \u010detvrti, Du\u017enost u \u017eupaniji, Polo\u017eaj u odboru stranke, Du\u017enost u op\u0107ini\/gradu\/\u017eupaniji<\/p><p>Opravdanje upotrebe: Pravna obveza, legitimni interes.<\/p><p>Izbor: Pristup osobnim podacima, Ispravak, Brisanje, Ograni\u010denje obrade<\/p><p>\u00a0<\/p><p>\u00a0<\/p><p><strong>U svrhu prijave za bira\u010dke odbore sljede\u0107e vrste podataka mo\u017eemo prikupljati o Vama:<\/strong><\/p><p>Ime i prezime, Adresa, E-mail adresa, Kontakt broj, Datum ro\u0111enja, OIB, Potpis, Broj osobne iskaznice, Broj bankovnog ra\u010duna, Kopija kartice teku\u0107eg ra\u010duna, Spol<\/p><p>Opravdanje upotrebe: Javni interes ili izvr\u0161avanje slu\u017ebene ovlasti.<\/p><p>Izbor: Pristup osobnim podacima, Ispravak<\/p><p>\u00a0<\/p><p>\u00a0<\/p><p><strong>U svrhu molba za zapo\u0161ljavanje sljede\u0107e vrste podataka mo\u017eemo prikupljati o Vama:<\/strong><\/p><p>Ime i prezime, Adresa, Kontakt broj, E-mail adresa, Datum ro\u0111enja, Fotografije, Stru\u010dno obrazovanje, Stru\u010dna sprema, Zavr\u0161ena \u0161kola, Svjedod\u017ebe i certifikati, Povijest zaposlenja, Invaliditet<\/p><p>Opravdanje upotrebe: Legitimni interes.<\/p><p>Izbor: Pristup osobnim podacima, Ispravak, Brisanje, Ograni\u010denje obrade<\/p><p>\u00a0<\/p><p>\u00a0<\/p><p><strong>U svrhu slanja informacijskog sadr\u017eaja e-mailom sljede\u0107e vrste podataka mo\u017eemo prikupljati o Vama:<\/strong><\/p><p>Ime i prezime, E-mail adresa, Ogranak, Du\u017enost u ogranku, Du\u017enost u \u017eupaniji, Tijela stranke u koja ste uklju\u010deni, Dr\u017eavna du\u017enost, Du\u017enost u gradskoj \u010detvrti, Du\u017enost u \u017eupaniji, Polo\u017eaj u odboru stranke, Du\u017enost u op\u0107ini\/gradu\/\u017eupaniji<\/p><p>Opravdanje upotrebe: Legitimni interes.<\/p><p>Izbor: Pristup osobnim podacima, Ispravak, Brisanje, Prestanak obrade<\/p><p>\u00a0<\/p><p>\u00a0<\/p><h3>Prijenos tre\u0107im stranama<\/h3><p>Osobni podaci mogu se prenositi tre\u0107im stranama, pod uvjetom da postoji legitimna osnova za prijenos i Vi date suglasnost za takav prijenos.<\/p><p><span style=\"font-size: inherit; text-align: inherit; font-family: var(--pcbody-font);\">Za\u0161tita privatnosti Va\u0161ih podataka je trajna, te HSLS poduzima sve mjere potrebne za za\u0161titu istih sukladno va\u017ee\u0107oj regulativi i dobrim praksama. Osobne podatke obra\u0111ujemo na siguran na\u010din, uklju\u010duju\u0107i za\u0161titu od neovla\u0161tene ili nezakonite obrade te od gubitka.<\/span><\/p><p><span style=\"font-size: inherit; text-align: inherit; font-family: var(--pcbody-font);\">Svi Va\u0161i podaci pohranjuju se na opremi smje\u0161tenoj u sjedi\u0161tu stranke te im se pristupa i koristi u skladu s na\u0161im pravilima i standardima sigurnosti.<\/span><\/p><p>\u00a0<\/p><p>\u00a0<\/p><h3>Zakonitost obrade<\/h3><p>Osobni podaci mogu se obra\u0111ivati pod uvjetom da:<\/p><p>\u00a0<\/p><ul><li>ste pristali na obradu (privola);<\/li><li>je to potrebno za sklapanje ili izvr\u0161avanje ugovora;<\/li><li>je to potrebno u pravne svrhe;<\/li><li>je to u svrhu javnog interesa ili izvr\u0161avanje slu\u017ebene ovlasti;<\/li><li>je to potrebno zbog za\u0161tite klju\u010dnih interesa ispitanika,<\/li><\/ul><p>Mogu postojati upotrebe koje su dozvoljene temeljem drugih osnova; u tom slu\u010daju \u0107emo prepoznati osnovu i javiti Vam \u0161to je prije mogu\u0107e.<\/p><p>\u00a0<\/p><h3>Kako \u010duvamo sigurnost Va\u0161ih podataka<\/h3><p>Koristimo razne sigurnosne mjere, uklju\u010duju\u0107i enkripciju i autentifikaciju, kako bismo za\u0161titili i odr\u017eali sigurnost, integritet i dostupnost Va\u0161ih podataka.<\/p><p>Izme\u0111u ostalog, koristimo i sljede\u0107e mjere:<\/p><p>\u00a0<\/p><ul><li>strogo ograni\u010den pristup Va\u0161im podacima po na\u010delu \u201enu\u017enog poznavanja\u201c te isklju\u010divo u svrhe o kojoj ste informirani,<\/li><li>postavljanje vatrozida na IT sustave u svrhu sprje\u010davanja neovla\u0161tenog pristupa, i<\/li><li>ograni\u010davanje pristupa IT sustavima radi sprje\u010davanja zlouporabe osobnih podataka.<\/li><\/ul><h3>Koliko dugo zadr\u017eavamo Va\u0161e podatke<\/h3><p>\u00a0<\/p><p>Osobne podatke pohranjujemo i obra\u0111ujemo samo onoliko dugo koliko je potrebno za izvr\u0161enje odre\u0111ene legitimne svrhe, osim ako va\u017ee\u0107im propisima nije za pojedinu svrhu predvi\u0111eno du\u017ee vrijeme \u010duvanja. U slu\u010daju davanja privole, podatke \u010duvamo onoliko dugo dok se privola ne povu\u010de.<\/p><p>Osobni podaci koji vi\u0161e nisu potrebni nepovratno se anonimiziraju ili se uni\u0161tavaju na siguran na\u010din.<\/p><p>\u00a0<\/p><h3>Kako nas kontaktirati, Va\u0161a prava na za\u0161titu podataka i Va\u0161e pravo na pritu\u017ebu tijelu za za\u0161titu podataka<\/h3><p>Ako imate ikakvih pitanja u vezi upotrebe Va\u0161ih podataka, kontaktirajte nas na e-mail hsls@hsls.hr<\/p><p>\u00a0<\/p><p>Imate pravo:<\/p><p>\u00a0<\/p><ul><li>tra\u017eiti nas da Vam pru\u017eimo dodatne informacije o na\u010dinu na koji koristimo Va\u0161e podatke,<\/li><li>da Vam pru\u017eimo primjerak osobnih podataka koje ste nam dali,<\/li><li>tra\u017eiti nas da a\u017euriramo sve neto\u010dnosti u podacima koje imamo,<\/li><li>tra\u017eiti nas da izbri\u0161emo sve podatke u odnosu na koje vi\u0161e nemamo zakonitu osnovu za upotrebu,<\/li><li>u slu\u010dajevima gdje se obrada temelji na privoli te vezano za informativne e-mail poruke, povu\u0107i svoju suglasnost s u\u010dinkom u budu\u0107nosti kako bismo prestali s takvom odre\u0111enom obradom,<\/li><li>dati prigovor na obradu, osim ako su razlozi za izvr\u0161enje takve obrade ja\u010di od prava na za\u0161titu osobnih podataka,<\/li><li>tra\u017eiti nas da ograni\u010dimo na\u010din na koji koristimo Va\u0161e podatke, npr. dok se prigovor obra\u0111uje.<\/li><\/ul><p><br \/>Va\u0161e kori\u0161tenje ovih prava podlije\u017ee odre\u0111enim izuzecima radi za\u0161tite javnog interesa (npr. sprje\u010davanje ili otkrivanje zlo\u010dina), na\u0161ih interesa (npr. pravne obveze) ili prava i sloboda drugih. Ako koristite bilo koje od ovih prava, provjerit \u0107emo osnovanost Va\u0161eg prava i odgovoriti bez odlaganja, a najkasnije u roku od mjesec dana. U slo\u017eenim slu\u010dajevima, ili u slu\u010daju zaprimanja ve\u0107eg broja zahtjeva, ovo razdoblje mo\u017ee se produ\u017eiti za dodatna dva mjeseca, o \u010demu \u0107emo vas obavijestiti.<\/p><p>\u00a0<\/p><p>HSLS \u0107e obra\u0111ivati Va\u0161e podatke na zakonit i siguran na\u010din. Ukoliko smatrate da postupamo s Va\u0161im podacima na nezakonit na\u010din te isto ne mo\u017eete rije\u0161iti u suradnji s nama, imate pravo ulo\u017eiti prigovor Nadzornom tijelu (Agencija za za\u0161titu osobnih podataka \u2013 AZOP).<\/p><\/div>\n\t\t\t<\/div>\n\t\t<\/div>\n\t\t\t\t\t\t<\/div>\n\t\t\t\t<\/div>\n\t\t\t\t\t<\/div>\n\t\t\t\t<\/div>\n\t\t\t\t<\/div>\n\t\t","protected":false},"excerpt":{"rendered":"<p>POLITIKA PRIVATNOSTI Voditelj obrade podataka HSLS \u2013 Hrvatska socijalno-liberalna stranka s registriranim sjedi\u0161tem u Trg Nikole Zrinskog 17\/1, 10 000 Zagreb, je voditelj obrade Va\u0161ih osobnih podataka. Politika privatnosti primjenjuje&hellip;<\/p>\n","protected":false},"author":1,"featured_media":0,"parent":0,"menu_order":0,"comment_status":"closed","ping_status":"closed","template":"page-fullwidth.php","meta":{"_lmt_disableupdate":"","_lmt_disable":"","footnotes":""},"class_list":["post-4568","page","type-page","status-publish","hentry"],"yoast_head":"<!-- This site is optimized with the Yoast SEO plugin v27.3 - https:\/\/yoast.com\/product\/yoast-seo-wordpress\/ -->\n<title>Politika privatnosti - HSLS<\/title>\n<meta name=\"robots\" content=\"index, follow, max-snippet:-1, max-image-preview:large, max-video-preview:-1\" \/>\n<link rel=\"canonical\" href=\"https:\/\/hsls.hr\/web\/politika-privatnosti\/\" \/>\n<meta property=\"og:locale\" content=\"hr_HR\" \/>\n<meta property=\"og:type\" content=\"article\" \/>\n<meta property=\"og:title\" content=\"Politika privatnosti - HSLS\" \/>\n<meta property=\"og:description\" content=\"POLITIKA PRIVATNOSTI Voditelj obrade podataka HSLS \u2013 Hrvatska socijalno-liberalna stranka s registriranim sjedi\u0161tem u Trg Nikole Zrinskog 17\/1, 10 000 Zagreb, je voditelj obrade Va\u0161ih osobnih podataka. Politika privatnosti primjenjuje&hellip;\" \/>\n<meta property=\"og:url\" content=\"https:\/\/hsls.hr\/web\/politika-privatnosti\/\" \/>\n<meta property=\"og:site_name\" content=\"HSLS\" \/>\n<meta property=\"article:modified_time\" content=\"2023-06-04T17:30:53+00:00\" \/>\n<meta name=\"twitter:card\" content=\"summary_large_image\" \/>\n<meta name=\"twitter:label1\" content=\"Procijenjeno vrijeme \u010ditanja\" \/>\n\t<meta name=\"twitter:data1\" content=\"6 minuta\" \/>\n<script type=\"application\/ld+json\" class=\"yoast-schema-graph\">{\"@context\":\"https:\\\/\\\/schema.org\",\"@graph\":[{\"@type\":\"WebPage\",\"@id\":\"https:\\\/\\\/hsls.hr\\\/web\\\/politika-privatnosti\\\/\",\"url\":\"https:\\\/\\\/hsls.hr\\\/web\\\/politika-privatnosti\\\/\",\"name\":\"Politika privatnosti - HSLS\",\"isPartOf\":{\"@id\":\"https:\\\/\\\/hsls.hr\\\/web\\\/#website\"},\"datePublished\":\"2023-06-04T16:36:32+00:00\",\"dateModified\":\"2023-06-04T17:30:53+00:00\",\"breadcrumb\":{\"@id\":\"https:\\\/\\\/hsls.hr\\\/web\\\/politika-privatnosti\\\/#breadcrumb\"},\"inLanguage\":\"hr\",\"potentialAction\":[{\"@type\":\"ReadAction\",\"target\":[\"https:\\\/\\\/hsls.hr\\\/web\\\/politika-privatnosti\\\/\"]}]},{\"@type\":\"BreadcrumbList\",\"@id\":\"https:\\\/\\\/hsls.hr\\\/web\\\/politika-privatnosti\\\/#breadcrumb\",\"itemListElement\":[{\"@type\":\"ListItem\",\"position\":1,\"name\":\"Po\u010detna stranica\",\"item\":\"https:\\\/\\\/hsls.hr\\\/web\\\/\"},{\"@type\":\"ListItem\",\"position\":2,\"name\":\"Politika privatnosti\"}]},{\"@type\":\"WebSite\",\"@id\":\"https:\\\/\\\/hsls.hr\\\/web\\\/#website\",\"url\":\"https:\\\/\\\/hsls.hr\\\/web\\\/\",\"name\":\"HSLS\",\"description\":\"Hrvatska socijalno-liberalna stranka\",\"potentialAction\":[{\"@type\":\"SearchAction\",\"target\":{\"@type\":\"EntryPoint\",\"urlTemplate\":\"https:\\\/\\\/hsls.hr\\\/web\\\/?s={search_term_string}\"},\"query-input\":{\"@type\":\"PropertyValueSpecification\",\"valueRequired\":true,\"valueName\":\"search_term_string\"}}],\"inLanguage\":\"hr\"}]}<\/script>\n<!-- \/ Yoast SEO plugin. -->","yoast_head_json":{"title":"Politika privatnosti - HSLS","robots":{"index":"index","follow":"follow","max-snippet":"max-snippet:-1","max-image-preview":"max-image-preview:large","max-video-preview":"max-video-preview:-1"},"canonical":"https:\/\/hsls.hr\/web\/politika-privatnosti\/","og_locale":"hr_HR","og_type":"article","og_title":"Politika privatnosti - HSLS","og_description":"POLITIKA PRIVATNOSTI Voditelj obrade podataka HSLS \u2013 Hrvatska socijalno-liberalna stranka s registriranim sjedi\u0161tem u Trg Nikole Zrinskog 17\/1, 10 000 Zagreb, je voditelj obrade Va\u0161ih osobnih podataka. Politika privatnosti primjenjuje&hellip;","og_url":"https:\/\/hsls.hr\/web\/politika-privatnosti\/","og_site_name":"HSLS","article_modified_time":"2023-06-04T17:30:53+00:00","twitter_card":"summary_large_image","twitter_misc":{"Procijenjeno vrijeme \u010ditanja":"6 minuta"},"schema":{"@context":"https:\/\/schema.org","@graph":[{"@type":"WebPage","@id":"https:\/\/hsls.hr\/web\/politika-privatnosti\/","url":"https:\/\/hsls.hr\/web\/politika-privatnosti\/","name":"Politika privatnosti - HSLS","isPartOf":{"@id":"https:\/\/hsls.hr\/web\/#website"},"datePublished":"2023-06-04T16:36:32+00:00","dateModified":"2023-06-04T17:30:53+00:00","breadcrumb":{"@id":"https:\/\/hsls.hr\/web\/politika-privatnosti\/#breadcrumb"},"inLanguage":"hr","potentialAction":[{"@type":"ReadAction","target":["https:\/\/hsls.hr\/web\/politika-privatnosti\/"]}]},{"@type":"BreadcrumbList","@id":"https:\/\/hsls.hr\/web\/politika-privatnosti\/#breadcrumb","itemListElement":[{"@type":"ListItem","position":1,"name":"Po\u010detna stranica","item":"https:\/\/hsls.hr\/web\/"},{"@type":"ListItem","position":2,"name":"Politika privatnosti"}]},{"@type":"WebSite","@id":"https:\/\/hsls.hr\/web\/#website","url":"https:\/\/hsls.hr\/web\/","name":"HSLS","description":"Hrvatska socijalno-liberalna stranka","potentialAction":[{"@type":"SearchAction","target":{"@type":"EntryPoint","urlTemplate":"https:\/\/hsls.hr\/web\/?s={search_term_string}"},"query-input":{"@type":"PropertyValueSpecification","valueRequired":true,"valueName":"search_term_string"}}],"inLanguage":"hr"}]}},"_links":{"self":[{"href":"https:\/\/hsls.hr\/web\/wp-json\/wp\/v2\/pages\/4568","targetHints":{"allow":["GET"]}}],"collection":[{"href":"https:\/\/hsls.hr\/web\/wp-json\/wp\/v2\/pages"}],"about":[{"href":"https:\/\/hsls.hr\/web\/wp-json\/wp\/v2\/types\/page"}],"author":[{"embeddable":true,"href":"https:\/\/hsls.hr\/web\/wp-json\/wp\/v2\/users\/1"}],"replies":[{"embeddable":true,"href":"https:\/\/hsls.hr\/web\/wp-json\/wp\/v2\/comments?post=4568"}],"version-history":[{"count":46,"href":"https:\/\/hsls.hr\/web\/wp-json\/wp\/v2\/pages\/4568\/revisions"}],"predecessor-version":[{"id":4642,"href":"https:\/\/hsls.hr\/web\/wp-json\/wp\/v2\/pages\/4568\/revisions\/4642"}],"wp:attachment":[{"href":"https:\/\/hsls.hr\/web\/wp-json\/wp\/v2\/media?parent=4568"}],"curies":[{"name":"wp","href":"https:\/\/api.w.org\/{rel}","templated":true}]}}