{"id":4091,"date":"2023-06-03T11:53:35","date_gmt":"2023-06-03T11:53:35","guid":{"rendered":"https:\/\/hsls.hr\/web\/?page_id=4091"},"modified":"2025-09-05T12:55:27","modified_gmt":"2025-09-05T12:55:27","slug":"lokalni-duznosnici","status":"publish","type":"page","link":"https:\/\/hsls.hr\/web\/lokalni-duznosnici\/","title":{"rendered":"Lokalni du\u017enosnici"},"content":{"rendered":"\t\t<div data-elementor-type=\"wp-page\" data-elementor-id=\"4091\" class=\"elementor elementor-4091\">\n\t\t\t\t<div class=\"elementor-element elementor-element-1663027 e-con-full e-flex e-con e-parent\" data-id=\"1663027\" data-element_type=\"container\" data-e-type=\"container\">\n\t\t\t\t<div class=\"elementor-element elementor-element-d46e6dc elementor-widget elementor-widget-shortcode\" data-id=\"d46e6dc\" data-element_type=\"widget\" data-e-type=\"widget\" data-widget_type=\"shortcode.default\">\n\t\t\t\t<div class=\"elementor-widget-container\">\n\t\t\t\t\t\t\t<div class=\"elementor-shortcode\"><style>.elementor-4851 .elementor-element.elementor-element-c1bb679 > .elementor-container{max-width:1200px;}.elementor-4851 .elementor-element.elementor-element-c1bb679 .elementor-background-slideshow__slide__image{background-size:cover;background-position:center center;}.elementor-4851 .elementor-element.elementor-element-c1bb679{transition:background 0.3s, border 0.3s, border-radius 0.3s, box-shadow 0.3s;padding:80px 0px 20px 0px;}.elementor-4851 .elementor-element.elementor-element-c1bb679 > .elementor-background-overlay{transition:background 0.3s, border-radius 0.3s, opacity 0.3s;}.elementor-4851 .elementor-element.elementor-element-60de4c6{--spacer-size:200px;}@media(max-width:1024px){.elementor-4851 .elementor-element.elementor-element-c1bb679 .elementor-background-slideshow__slide__image{background-position:center center;}.elementor-4851 .elementor-element.elementor-element-c1bb679{padding:40px 0px 0px 0px;}.elementor-4851 .elementor-element.elementor-element-60de4c6{--spacer-size:120px;}}<\/style>\t\t<div data-elementor-type=\"wp-post\" data-elementor-id=\"4851\" class=\"elementor elementor-4851\">\n\t\t\t\t\t\t<section class=\"penci-section penci-dmcheck penci-elbg-activate penci-elbg-img penci-disSticky penci-structure-10 elementor-section elementor-top-section elementor-element elementor-element-c1bb679 animated-slow elementor-section-boxed elementor-section-height-default elementor-section-height-default elementor-invisible\" data-id=\"c1bb679\" data-element_type=\"section\" data-e-type=\"section\" data-settings=\"{&quot;background_background&quot;:&quot;slideshow&quot;,&quot;animation&quot;:&quot;fadeIn&quot;,&quot;background_slideshow_gallery&quot;:[{&quot;id&quot;:4843,&quot;url&quot;:&quot;https:\\\/\\\/hsls.hr\\\/web\\\/wp-content\\\/uploads\\\/2023\\\/06\\\/HSLS-header_1.png&quot;},{&quot;id&quot;:4844,&quot;url&quot;:&quot;https:\\\/\\\/hsls.hr\\\/web\\\/wp-content\\\/uploads\\\/2023\\\/06\\\/HSLS-header_2.png&quot;},{&quot;id&quot;:4845,&quot;url&quot;:&quot;https:\\\/\\\/hsls.hr\\\/web\\\/wp-content\\\/uploads\\\/2023\\\/06\\\/HSLS-header_3.png&quot;}],&quot;background_slideshow_slide_transition&quot;:&quot;slide_down&quot;,&quot;background_slideshow_loop&quot;:&quot;yes&quot;,&quot;background_slideshow_slide_duration&quot;:5000,&quot;background_slideshow_transition_duration&quot;:500}\">\n\t\t\t\t\t\t<div class=\"elementor-container elementor-column-gap-default\">\n\t\t\t\t\t<div class=\"penci-ercol-100 penci-ercol-order-1 penci-sticky-ct    elementor-column elementor-col-100 elementor-top-column elementor-element elementor-element-91c53e3\" data-id=\"91c53e3\" data-element_type=\"column\" data-e-type=\"column\">\n\t\t\t<div class=\"elementor-widget-wrap elementor-element-populated\">\n\t\t\t\t\t\t<div class=\"elementor-element elementor-element-60de4c6 elementor-widget elementor-widget-spacer\" data-id=\"60de4c6\" data-element_type=\"widget\" data-e-type=\"widget\" data-widget_type=\"spacer.default\">\n\t\t\t\t<div class=\"elementor-widget-container\">\n\t\t\t\t\t\t\t<div class=\"elementor-spacer\">\n\t\t\t<div class=\"elementor-spacer-inner\"><\/div>\n\t\t<\/div>\n\t\t\t\t\t\t<\/div>\n\t\t\t\t<\/div>\n\t\t\t\t\t<\/div>\n\t\t<\/div>\n\t\t\t\t\t<\/div>\n\t\t<\/section>\n\t\t\t\t<\/div>\n\t\t<\/div>\n\t\t\t\t\t\t<\/div>\n\t\t\t\t<\/div>\n\t\t\t\t<\/div>\n\t\t<div class=\"elementor-element elementor-element-19e6f5ea e-flex e-con-boxed e-con e-parent\" data-id=\"19e6f5ea\" data-element_type=\"container\" data-e-type=\"container\">\n\t\t\t\t\t<div class=\"e-con-inner\">\n\t\t\t\t<div class=\"elementor-element elementor-element-132fa9e4 elementor-widget elementor-widget-penci-block-heading\" data-id=\"132fa9e4\" data-element_type=\"widget\" data-e-type=\"widget\" data-widget_type=\"penci-block-heading.default\">\n\t\t\t\t<div class=\"elementor-widget-container\">\n\t\t\t\t\t\t\t<div class=\"penci-border-arrow penci-homepage-title penci-home-latest-posts style-7 pcalign-center pciconp-right pcicon-right block-title-icon-left\">\n\t\t\t<h3 class=\"inner-arrow\">\n\t\t\t\t<span>\n\t\t\t\t<span>Lokalni du\u017enosnici<\/span>\t\t\t\t<\/span>\n\t\t\t<\/h3>\n\t\t\t\t\t<\/div>\n\t\t\t\t\t\t<\/div>\n\t\t\t\t<\/div>\n\t\t\t\t\t<\/div>\n\t\t\t\t<\/div>\n\t\t<div class=\"elementor-element elementor-element-27199353 e-flex e-con-boxed e-con e-parent\" data-id=\"27199353\" data-element_type=\"container\" data-e-type=\"container\">\n\t\t\t\t\t<div class=\"e-con-inner\">\n\t\t\t\t<div class=\"elementor-element elementor-element-2126ca19 elementor-widget elementor-widget-penci-text-block\" data-id=\"2126ca19\" data-element_type=\"widget\" data-e-type=\"widget\" data-widget_type=\"penci-text-block.default\">\n\t\t\t\t<div class=\"elementor-widget-container\">\n\t\t\t\t\t\t\t<div class=\"penci-block-vc penci-text-editor\">\n\t\t\t        <div class=\"penci-border-arrow penci-homepage-title penci-home-latest-posts style-5 pcalign-left pciconp-right pcicon-right block-title-icon-left\">\n            <h3 class=\"inner-arrow\">\n                <span>\n                    <span>Predsjednici \u017eupanijskih skup\u0161tina i zamjenici \u017eupana<\/a>                <\/span>\n            <\/h3>\n\t\t\t        <\/div>\n\t\t\t\t\t<div class=\"penci-block_content\">\n\t\t\t\t<div class=\"elementor-text-editor elementor-clearfix\"><\/div>\n\t\t\t<\/div>\n\t\t<\/div>\n\t\t\t\t\t\t<\/div>\n\t\t\t\t<\/div>\n\t\t\t\t\t<\/div>\n\t\t\t\t<\/div>\n\t\t<div class=\"elementor-element elementor-element-71397a1c e-flex e-con-boxed e-con e-parent\" data-id=\"71397a1c\" data-element_type=\"container\" data-e-type=\"container\">\n\t\t\t\t\t<div class=\"e-con-inner\">\n\t\t\t\t<div class=\"elementor-element elementor-element-55984652 elementor-widget elementor-widget-penci-text-block\" data-id=\"55984652\" data-element_type=\"widget\" data-e-type=\"widget\" data-widget_type=\"penci-text-block.default\">\n\t\t\t\t<div class=\"elementor-widget-container\">\n\t\t\t\t\t\t\t<div class=\"penci-block-vc penci-text-editor\">\n\t\t\t        <div class=\"penci-border-arrow penci-homepage-title penci-home-latest-posts style-5 pcalign-left pciconp-right pcicon-right block-title-icon-left\">\n            <h3 class=\"inner-arrow\">\n                <span>\n                    <span>Gradona\u010delnici<\/a>                <\/span>\n            <\/h3>\n\t\t\t        <\/div>\n\t\t\t\t\t<div class=\"penci-block_content\">\n\t\t\t\t<div class=\"elementor-text-editor elementor-clearfix\"><ul><li><strong>Dario Hrebak<br \/><\/strong>Bjelovar<br \/>Bjelovarsko-bilogorska \u017eupanija<br \/><a href=\"mailto:dario.hrebak@gmail.com\">dario.hrebak@gmail.com<\/a><\/li><li><strong>Valentina \u010cana\u0111ija<\/strong><\/li><li>\u010cazma<\/li><li>Bjelovarsko-bilogorska \u017eupanija<\/li><li><a href=\"mailto:valentina.canadjija@gmail.com\">valentina.canadjija@gmail.com<\/a><\/li><li><strong>Dragica Ratkovi\u0107<\/strong><br \/>Vara\u017edinske Toplice<br \/>Vara\u017edinska \u017eupanija<\/li><li><a href=\"mailto:ratkovicdragica69@gmail.com\">ratkovicdragica69@gmail.com<\/a><\/li><\/ul><\/div>\n\t\t\t<\/div>\n\t\t<\/div>\n\t\t\t\t\t\t<\/div>\n\t\t\t\t<\/div>\n\t\t\t\t\t<\/div>\n\t\t\t\t<\/div>\n\t\t<div class=\"elementor-element elementor-element-3a4f2d61 e-flex e-con-boxed e-con e-parent\" data-id=\"3a4f2d61\" data-element_type=\"container\" data-e-type=\"container\">\n\t\t\t\t\t<div class=\"e-con-inner\">\n\t\t\t\t<div class=\"elementor-element elementor-element-63ba6b0f elementor-widget elementor-widget-penci-text-block\" data-id=\"63ba6b0f\" data-element_type=\"widget\" data-e-type=\"widget\" data-widget_type=\"penci-text-block.default\">\n\t\t\t\t<div class=\"elementor-widget-container\">\n\t\t\t\t\t\t\t<div class=\"penci-block-vc penci-text-editor\">\n\t\t\t        <div class=\"penci-border-arrow penci-homepage-title penci-home-latest-posts style-5 pcalign-left pciconp-right pcicon-right block-title-icon-left\">\n            <h3 class=\"inner-arrow\">\n                <span>\n                    <span>Zamjenici gradona\u010delnika<\/a>                <\/span>\n            <\/h3>\n\t\t\t        <\/div>\n\t\t\t\t\t<div class=\"penci-block_content\">\n\t\t\t\t<div class=\"elementor-text-editor elementor-clearfix\"><ul><li><strong>Igor Brajdi\u0107<\/strong><br \/>Bjelovar<br \/>Bjelovarsko-bilogorska \u017eupanija<br \/><a href=\"mailto:brajdicigor@gmail.com\">brajdicigor@gmail.com<\/a><\/li><li><strong>Igor Gr\u010di\u0107<\/strong><\/li><li>\u010cazma<\/li><li>Bjelovarsko-bilogorska \u017eupanija<\/li><\/ul><\/div>\n\t\t\t<\/div>\n\t\t<\/div>\n\t\t\t\t\t\t<\/div>\n\t\t\t\t<\/div>\n\t\t\t\t\t<\/div>\n\t\t\t\t<\/div>\n\t\t<div class=\"elementor-element elementor-element-67fc5499 e-flex e-con-boxed e-con e-parent\" data-id=\"67fc5499\" data-element_type=\"container\" data-e-type=\"container\">\n\t\t\t\t\t<div class=\"e-con-inner\">\n\t\t\t\t<div class=\"elementor-element elementor-element-248c691c elementor-widget elementor-widget-penci-text-block\" data-id=\"248c691c\" data-element_type=\"widget\" data-e-type=\"widget\" data-widget_type=\"penci-text-block.default\">\n\t\t\t\t<div class=\"elementor-widget-container\">\n\t\t\t\t\t\t\t<div class=\"penci-block-vc penci-text-editor\">\n\t\t\t        <div class=\"penci-border-arrow penci-homepage-title penci-home-latest-posts style-5 pcalign-left pciconp-right pcicon-right block-title-icon-left\">\n            <h3 class=\"inner-arrow\">\n                <span>\n                    <span>Na\u010delnici<\/a>                <\/span>\n            <\/h3>\n\t\t\t        <\/div>\n\t\t\t\t\t<div class=\"penci-block_content\">\n\t\t\t\t<div class=\"elementor-text-editor elementor-clearfix\"><ul><li><strong>Zlatko Aga<\/strong><br \/>Re\u0161etari<br \/>Brodsko-posavska \u017eupanija<br \/><a href=\"mailto:nacelnik@resetari.hr\">nacelnik@resetari.hr<\/a><\/li><li><strong>Dario Fri\u0161\u010di\u0107<\/strong><br \/>Kotoriba<br \/>Me\u0111imurska \u017eupanija<br \/><a href=\"mailto:dario.friscic@kotoriba.hr\">dario.friscic@kotoriba.hr<\/a><\/li><li><strong>Damir Vidovi\u0107<\/strong><br \/>Donja Dubrava<br \/>Me\u0111imurska \u017eupanija<\/li><li><a href=\"mailto:nacelnik@donjadubrava.hr\">nacelnik@donjadubrava.hr<\/a><\/li><li><strong>Sandro Jurman<\/strong><br \/>Kanfanar<br \/>Istarska \u017eupanija<br \/><a href=\"mailto:nacelnik@kanfanar.hr\">nacelnik@kanfanar.hr<\/a><\/li><li><strong>Marko Kutanjac<\/strong><br \/>Veliko Trojsvo<br \/>Bjelovarsko-bilogorska \u017eupanija<br \/><a href=\"mailto:kutanjacmarko3@gmail.com\">kutanjacmarko3@gmail.com<\/a><\/li><li><strong>Toni Grbavac-Garac<\/strong><\/li><li>Prolo\u017eac<\/li><li>Splitsko-dalmatinska \u017eupanija<\/li><li><a href=\"mailto:tgarac@gmail.com\">tgarac@gmail.com<\/a><\/li><\/ul><\/div>\n\t\t\t<\/div>\n\t\t<\/div>\n\t\t\t\t\t\t<\/div>\n\t\t\t\t<\/div>\n\t\t\t\t\t<\/div>\n\t\t\t\t<\/div>\n\t\t<div class=\"elementor-element elementor-element-38c8cc1f e-flex e-con-boxed e-con e-parent\" data-id=\"38c8cc1f\" data-element_type=\"container\" data-e-type=\"container\">\n\t\t\t\t\t<div class=\"e-con-inner\">\n\t\t\t\t<div class=\"elementor-element elementor-element-7015f600 elementor-widget elementor-widget-penci-text-block\" data-id=\"7015f600\" data-element_type=\"widget\" data-e-type=\"widget\" data-widget_type=\"penci-text-block.default\">\n\t\t\t\t<div class=\"elementor-widget-container\">\n\t\t\t\t\t\t\t<div class=\"penci-block-vc penci-text-editor\">\n\t\t\t        <div class=\"penci-border-arrow penci-homepage-title penci-home-latest-posts style-5 pcalign-left pciconp-right pcicon-right block-title-icon-left\">\n            <h3 class=\"inner-arrow\">\n                <span>\n                    <span>Potpredsjednici gradskih vije\u0107a<\/a>                <\/span>\n            <\/h3>\n\t\t\t        <\/div>\n\t\t\t\t\t<div class=\"penci-block_content\">\n\t\t\t\t<div class=\"elementor-text-editor elementor-clearfix\"><ul><li style=\"list-style-type: none;\"><ul><li><strong>Gordana Domjani\u0107<\/strong><br \/>Virovitica<br \/>Viroviti\u010dko-podravska \u017eupanija<br \/><a href=\"mailto:gordana.domjanic@gmail.com\">gordana.domjanic@gmail.com<\/a><\/li><\/ul><\/li><\/ul><\/div>\n\t\t\t<\/div>\n\t\t<\/div>\n\t\t\t\t\t\t<\/div>\n\t\t\t\t<\/div>\n\t\t\t\t\t<\/div>\n\t\t\t\t<\/div>\n\t\t<div class=\"elementor-element elementor-element-1d5b0be4 e-flex e-con-boxed e-con e-parent\" data-id=\"1d5b0be4\" data-element_type=\"container\" data-e-type=\"container\">\n\t\t\t\t\t<div class=\"e-con-inner\">\n\t\t\t\t<div class=\"elementor-element elementor-element-5d4e89ee elementor-widget elementor-widget-penci-text-block\" data-id=\"5d4e89ee\" data-element_type=\"widget\" data-e-type=\"widget\" data-widget_type=\"penci-text-block.default\">\n\t\t\t\t<div class=\"elementor-widget-container\">\n\t\t\t\t\t\t\t<div class=\"penci-block-vc penci-text-editor\">\n\t\t\t        <div class=\"penci-border-arrow penci-homepage-title penci-home-latest-posts style-5 pcalign-left pciconp-right pcicon-right block-title-icon-left\">\n            <h3 class=\"inner-arrow\">\n                <span>\n                    <span>Predsjednici op\u0107inskih vije\u0107a<\/a>                <\/span>\n            <\/h3>\n\t\t\t        <\/div>\n\t\t\t\t\t<div class=\"penci-block_content\">\n\t\t\t\t<div class=\"elementor-text-editor elementor-clearfix\"><p>\u00a0<strong>Vjenceslav Hranilovi\u0107<br \/><\/strong>Podturen<br \/>Me\u0111imurska \u017eupanija<br \/><a href=\"mailto:vjenceslav.hranilovic@ck.ht.hr\">vjenceslav.hranilovic@ck.ht.hr<\/a><\/p><ul><li><strong>Milka Perkovi\u0107<\/strong><\/li><li>Re\u0161etari<br \/>Brodsko-posavska \u017eupanija<\/li><li><strong>Ivana Maru\u017ein<\/strong><br \/>Kanfanar<br \/>Istarska \u017eupanija<\/li><li><strong>Milka Perkovi\u0107<\/strong><br \/>Re\u0161etari<br \/>Brodsko-posavska \u017eupanija<br \/><a href=\"mailto:milka.perkovic@sb.t-com.hr\">milka.perkovic@sb.t-com.hr<\/a><\/li><\/ul><\/div>\n\t\t\t<\/div>\n\t\t<\/div>\n\t\t\t\t\t\t<\/div>\n\t\t\t\t<\/div>\n\t\t\t\t\t<\/div>\n\t\t\t\t<\/div>\n\t\t<div class=\"elementor-element elementor-element-56177c94 e-flex e-con-boxed e-con e-parent\" data-id=\"56177c94\" data-element_type=\"container\" data-e-type=\"container\">\n\t\t\t\t\t<div class=\"e-con-inner\">\n\t\t\t\t<div class=\"elementor-element elementor-element-d0412c5 elementor-widget elementor-widget-penci-text-block\" data-id=\"d0412c5\" data-element_type=\"widget\" data-e-type=\"widget\" data-widget_type=\"penci-text-block.default\">\n\t\t\t\t<div class=\"elementor-widget-container\">\n\t\t\t\t\t\t\t<div class=\"penci-block-vc penci-text-editor\">\n\t\t\t        <div class=\"penci-border-arrow penci-homepage-title penci-home-latest-posts style-5 pcalign-left pciconp-right pcicon-right block-title-icon-left\">\n            <h3 class=\"inner-arrow\">\n                <span>\n                    <span>Potpredsjednici op\u0107inskih vije\u0107a<\/a>                <\/span>\n            <\/h3>\n\t\t\t        <\/div>\n\t\t\t\t\t<div class=\"penci-block_content\">\n\t\t\t\t<div class=\"elementor-text-editor elementor-clearfix\"><ul><li><strong>Branko Babi\u0107<\/strong><br \/>Re\u0161etari<br \/><a href=\"mailto:brankobabic6@gmail.com\">brankobabic6@gmail.com<\/a><\/li><\/ul><ul><li><strong>Ivan Trstenjak<\/strong><br \/>Veliko Trojstvo<\/li><\/ul><\/div>\n\t\t\t<\/div>\n\t\t<\/div>\n\t\t\t\t\t\t<\/div>\n\t\t\t\t<\/div>\n\t\t\t\t\t<\/div>\n\t\t\t\t<\/div>\n\t\t\t\t<\/div>\n\t\t","protected":false},"excerpt":{"rendered":"<p>Lokalni du\u017enosnici Predsjednici \u017eupanijskih skup\u0161tina i zamjenici \u017eupana Gradona\u010delnici Dario HrebakBjelovarBjelovarsko-bilogorska \u017eupanijadario.hrebak@gmail.com Valentina \u010cana\u0111ija \u010cazma Bjelovarsko-bilogorska \u017eupanija valentina.canadjija@gmail.com Dragica Ratkovi\u0107Vara\u017edinske TopliceVara\u017edinska \u017eupanija ratkovicdragica69@gmail.com Zamjenici gradona\u010delnika Igor Brajdi\u0107BjelovarBjelovarsko-bilogorska \u017eupanijabrajdicigor@gmail.com Igor Gr\u010di\u0107&hellip;<\/p>\n","protected":false},"author":1,"featured_media":0,"parent":0,"menu_order":0,"comment_status":"closed","ping_status":"closed","template":"page-fullwidth.php","meta":{"_lmt_disableupdate":"","_lmt_disable":"","footnotes":""},"class_list":["post-4091","page","type-page","status-publish","hentry"],"yoast_head":"<!-- This site is optimized with the Yoast SEO plugin v27.4 - https:\/\/yoast.com\/product\/yoast-seo-wordpress\/ -->\n<title>Lokalni du\u017enosnici - HSLS<\/title>\n<meta name=\"robots\" content=\"index, follow, max-snippet:-1, max-image-preview:large, max-video-preview:-1\" \/>\n<link rel=\"canonical\" href=\"https:\/\/hsls.hr\/web\/lokalni-duznosnici\/\" \/>\n<meta property=\"og:locale\" content=\"hr_HR\" \/>\n<meta property=\"og:type\" content=\"article\" \/>\n<meta property=\"og:title\" content=\"Lokalni du\u017enosnici - HSLS\" \/>\n<meta property=\"og:description\" content=\"Lokalni du\u017enosnici Predsjednici \u017eupanijskih skup\u0161tina i zamjenici \u017eupana Gradona\u010delnici Dario HrebakBjelovarBjelovarsko-bilogorska \u017eupanijadario.hrebak@gmail.com Valentina \u010cana\u0111ija \u010cazma Bjelovarsko-bilogorska \u017eupanija valentina.canadjija@gmail.com Dragica Ratkovi\u0107Vara\u017edinske TopliceVara\u017edinska \u017eupanija ratkovicdragica69@gmail.com Zamjenici gradona\u010delnika Igor Brajdi\u0107BjelovarBjelovarsko-bilogorska \u017eupanijabrajdicigor@gmail.com Igor Gr\u010di\u0107&hellip;\" \/>\n<meta property=\"og:url\" content=\"https:\/\/hsls.hr\/web\/lokalni-duznosnici\/\" \/>\n<meta property=\"og:site_name\" content=\"HSLS\" \/>\n<meta property=\"article:modified_time\" content=\"2025-09-05T12:55:27+00:00\" \/>\n<meta name=\"twitter:card\" content=\"summary_large_image\" \/>\n<meta name=\"twitter:label1\" content=\"Procijenjeno vrijeme \u010ditanja\" \/>\n\t<meta name=\"twitter:data1\" content=\"1 minuta\" \/>\n<script type=\"application\/ld+json\" class=\"yoast-schema-graph\">{\"@context\":\"https:\\\/\\\/schema.org\",\"@graph\":[{\"@type\":\"WebPage\",\"@id\":\"https:\\\/\\\/hsls.hr\\\/web\\\/lokalni-duznosnici\\\/\",\"url\":\"https:\\\/\\\/hsls.hr\\\/web\\\/lokalni-duznosnici\\\/\",\"name\":\"Lokalni du\u017enosnici - HSLS\",\"isPartOf\":{\"@id\":\"https:\\\/\\\/hsls.hr\\\/web\\\/#website\"},\"datePublished\":\"2023-06-03T11:53:35+00:00\",\"dateModified\":\"2025-09-05T12:55:27+00:00\",\"breadcrumb\":{\"@id\":\"https:\\\/\\\/hsls.hr\\\/web\\\/lokalni-duznosnici\\\/#breadcrumb\"},\"inLanguage\":\"hr\",\"potentialAction\":[{\"@type\":\"ReadAction\",\"target\":[\"https:\\\/\\\/hsls.hr\\\/web\\\/lokalni-duznosnici\\\/\"]}]},{\"@type\":\"BreadcrumbList\",\"@id\":\"https:\\\/\\\/hsls.hr\\\/web\\\/lokalni-duznosnici\\\/#breadcrumb\",\"itemListElement\":[{\"@type\":\"ListItem\",\"position\":1,\"name\":\"Po\u010detna stranica\",\"item\":\"https:\\\/\\\/hsls.hr\\\/web\\\/\"},{\"@type\":\"ListItem\",\"position\":2,\"name\":\"Lokalni du\u017enosnici\"}]},{\"@type\":\"WebSite\",\"@id\":\"https:\\\/\\\/hsls.hr\\\/web\\\/#website\",\"url\":\"https:\\\/\\\/hsls.hr\\\/web\\\/\",\"name\":\"HSLS\",\"description\":\"Hrvatska socijalno-liberalna stranka\",\"potentialAction\":[{\"@type\":\"SearchAction\",\"target\":{\"@type\":\"EntryPoint\",\"urlTemplate\":\"https:\\\/\\\/hsls.hr\\\/web\\\/?s={search_term_string}\"},\"query-input\":{\"@type\":\"PropertyValueSpecification\",\"valueRequired\":true,\"valueName\":\"search_term_string\"}}],\"inLanguage\":\"hr\"}]}<\/script>\n<!-- \/ Yoast SEO plugin. -->","yoast_head_json":{"title":"Lokalni du\u017enosnici - HSLS","robots":{"index":"index","follow":"follow","max-snippet":"max-snippet:-1","max-image-preview":"max-image-preview:large","max-video-preview":"max-video-preview:-1"},"canonical":"https:\/\/hsls.hr\/web\/lokalni-duznosnici\/","og_locale":"hr_HR","og_type":"article","og_title":"Lokalni du\u017enosnici - HSLS","og_description":"Lokalni du\u017enosnici Predsjednici \u017eupanijskih skup\u0161tina i zamjenici \u017eupana Gradona\u010delnici Dario HrebakBjelovarBjelovarsko-bilogorska \u017eupanijadario.hrebak@gmail.com Valentina \u010cana\u0111ija \u010cazma Bjelovarsko-bilogorska \u017eupanija valentina.canadjija@gmail.com Dragica Ratkovi\u0107Vara\u017edinske TopliceVara\u017edinska \u017eupanija ratkovicdragica69@gmail.com Zamjenici gradona\u010delnika Igor Brajdi\u0107BjelovarBjelovarsko-bilogorska \u017eupanijabrajdicigor@gmail.com Igor Gr\u010di\u0107&hellip;","og_url":"https:\/\/hsls.hr\/web\/lokalni-duznosnici\/","og_site_name":"HSLS","article_modified_time":"2025-09-05T12:55:27+00:00","twitter_card":"summary_large_image","twitter_misc":{"Procijenjeno vrijeme \u010ditanja":"1 minuta"},"schema":{"@context":"https:\/\/schema.org","@graph":[{"@type":"WebPage","@id":"https:\/\/hsls.hr\/web\/lokalni-duznosnici\/","url":"https:\/\/hsls.hr\/web\/lokalni-duznosnici\/","name":"Lokalni du\u017enosnici - HSLS","isPartOf":{"@id":"https:\/\/hsls.hr\/web\/#website"},"datePublished":"2023-06-03T11:53:35+00:00","dateModified":"2025-09-05T12:55:27+00:00","breadcrumb":{"@id":"https:\/\/hsls.hr\/web\/lokalni-duznosnici\/#breadcrumb"},"inLanguage":"hr","potentialAction":[{"@type":"ReadAction","target":["https:\/\/hsls.hr\/web\/lokalni-duznosnici\/"]}]},{"@type":"BreadcrumbList","@id":"https:\/\/hsls.hr\/web\/lokalni-duznosnici\/#breadcrumb","itemListElement":[{"@type":"ListItem","position":1,"name":"Po\u010detna stranica","item":"https:\/\/hsls.hr\/web\/"},{"@type":"ListItem","position":2,"name":"Lokalni du\u017enosnici"}]},{"@type":"WebSite","@id":"https:\/\/hsls.hr\/web\/#website","url":"https:\/\/hsls.hr\/web\/","name":"HSLS","description":"Hrvatska socijalno-liberalna stranka","potentialAction":[{"@type":"SearchAction","target":{"@type":"EntryPoint","urlTemplate":"https:\/\/hsls.hr\/web\/?s={search_term_string}"},"query-input":{"@type":"PropertyValueSpecification","valueRequired":true,"valueName":"search_term_string"}}],"inLanguage":"hr"}]}},"_links":{"self":[{"href":"https:\/\/hsls.hr\/web\/wp-json\/wp\/v2\/pages\/4091","targetHints":{"allow":["GET"]}}],"collection":[{"href":"https:\/\/hsls.hr\/web\/wp-json\/wp\/v2\/pages"}],"about":[{"href":"https:\/\/hsls.hr\/web\/wp-json\/wp\/v2\/types\/page"}],"author":[{"embeddable":true,"href":"https:\/\/hsls.hr\/web\/wp-json\/wp\/v2\/users\/1"}],"replies":[{"embeddable":true,"href":"https:\/\/hsls.hr\/web\/wp-json\/wp\/v2\/comments?post=4091"}],"version-history":[{"count":67,"href":"https:\/\/hsls.hr\/web\/wp-json\/wp\/v2\/pages\/4091\/revisions"}],"predecessor-version":[{"id":6771,"href":"https:\/\/hsls.hr\/web\/wp-json\/wp\/v2\/pages\/4091\/revisions\/6771"}],"wp:attachment":[{"href":"https:\/\/hsls.hr\/web\/wp-json\/wp\/v2\/media?parent=4091"}],"curies":[{"name":"wp","href":"https:\/\/api.w.org\/{rel}","templated":true}]}}