{"id":4032,"date":"2023-06-03T11:04:28","date_gmt":"2023-06-03T11:04:28","guid":{"rendered":"https:\/\/hsls.hr\/web\/?page_id=4032"},"modified":"2024-11-27T15:02:10","modified_gmt":"2024-11-27T15:02:10","slug":"dokumenti","status":"publish","type":"page","link":"https:\/\/hsls.hr\/web\/dokumenti\/","title":{"rendered":"Dokumenti"},"content":{"rendered":"\t\t<div data-elementor-type=\"wp-page\" data-elementor-id=\"4032\" class=\"elementor elementor-4032\">\n\t\t\t\t<div class=\"elementor-element elementor-element-70b82a0 e-con-full e-flex e-con e-parent\" data-id=\"70b82a0\" data-element_type=\"container\" data-e-type=\"container\">\n\t\t\t\t<div class=\"elementor-element elementor-element-9a52d15 elementor-widget elementor-widget-shortcode\" data-id=\"9a52d15\" data-element_type=\"widget\" data-e-type=\"widget\" data-widget_type=\"shortcode.default\">\n\t\t\t\t<div class=\"elementor-widget-container\">\n\t\t\t\t\t\t\t<div class=\"elementor-shortcode\"><style>.elementor-4851 .elementor-element.elementor-element-c1bb679 > .elementor-container{max-width:1200px;}.elementor-4851 .elementor-element.elementor-element-c1bb679 .elementor-background-slideshow__slide__image{background-size:cover;background-position:center center;}.elementor-4851 .elementor-element.elementor-element-c1bb679{transition:background 0.3s, border 0.3s, border-radius 0.3s, box-shadow 0.3s;padding:80px 0px 20px 0px;}.elementor-4851 .elementor-element.elementor-element-c1bb679 > .elementor-background-overlay{transition:background 0.3s, border-radius 0.3s, opacity 0.3s;}.elementor-4851 .elementor-element.elementor-element-60de4c6{--spacer-size:200px;}@media(max-width:1024px){.elementor-4851 .elementor-element.elementor-element-c1bb679 .elementor-background-slideshow__slide__image{background-position:center center;}.elementor-4851 .elementor-element.elementor-element-c1bb679{padding:40px 0px 0px 0px;}.elementor-4851 .elementor-element.elementor-element-60de4c6{--spacer-size:120px;}}<\/style>\t\t<div data-elementor-type=\"wp-post\" data-elementor-id=\"4851\" class=\"elementor elementor-4851\">\n\t\t\t\t\t\t<section class=\"penci-section penci-dmcheck penci-elbg-activate penci-elbg-img penci-disSticky penci-structure-10 elementor-section elementor-top-section elementor-element elementor-element-c1bb679 animated-slow elementor-section-boxed elementor-section-height-default elementor-section-height-default elementor-invisible\" data-id=\"c1bb679\" data-element_type=\"section\" data-e-type=\"section\" data-settings=\"{&quot;background_background&quot;:&quot;slideshow&quot;,&quot;animation&quot;:&quot;fadeIn&quot;,&quot;background_slideshow_gallery&quot;:[{&quot;id&quot;:4843,&quot;url&quot;:&quot;https:\\\/\\\/hsls.hr\\\/web\\\/wp-content\\\/uploads\\\/2023\\\/06\\\/HSLS-header_1.png&quot;},{&quot;id&quot;:4844,&quot;url&quot;:&quot;https:\\\/\\\/hsls.hr\\\/web\\\/wp-content\\\/uploads\\\/2023\\\/06\\\/HSLS-header_2.png&quot;},{&quot;id&quot;:4845,&quot;url&quot;:&quot;https:\\\/\\\/hsls.hr\\\/web\\\/wp-content\\\/uploads\\\/2023\\\/06\\\/HSLS-header_3.png&quot;}],&quot;background_slideshow_slide_transition&quot;:&quot;slide_down&quot;,&quot;background_slideshow_loop&quot;:&quot;yes&quot;,&quot;background_slideshow_slide_duration&quot;:5000,&quot;background_slideshow_transition_duration&quot;:500}\">\n\t\t\t\t\t\t<div class=\"elementor-container elementor-column-gap-default\">\n\t\t\t\t\t<div class=\"penci-ercol-100 penci-ercol-order-1 penci-sticky-ct    elementor-column elementor-col-100 elementor-top-column elementor-element elementor-element-91c53e3\" data-id=\"91c53e3\" data-element_type=\"column\" data-e-type=\"column\">\n\t\t\t<div class=\"elementor-widget-wrap elementor-element-populated\">\n\t\t\t\t\t\t<div class=\"elementor-element elementor-element-60de4c6 elementor-widget elementor-widget-spacer\" data-id=\"60de4c6\" data-element_type=\"widget\" data-e-type=\"widget\" data-widget_type=\"spacer.default\">\n\t\t\t\t<div class=\"elementor-widget-container\">\n\t\t\t\t\t\t\t<div class=\"elementor-spacer\">\n\t\t\t<div class=\"elementor-spacer-inner\"><\/div>\n\t\t<\/div>\n\t\t\t\t\t\t<\/div>\n\t\t\t\t<\/div>\n\t\t\t\t\t<\/div>\n\t\t<\/div>\n\t\t\t\t\t<\/div>\n\t\t<\/section>\n\t\t\t\t<\/div>\n\t\t<\/div>\n\t\t\t\t\t\t<\/div>\n\t\t\t\t<\/div>\n\t\t\t\t<\/div>\n\t\t<div class=\"elementor-element elementor-element-7aa1033 e-flex e-con-boxed e-con e-parent\" data-id=\"7aa1033\" data-element_type=\"container\" data-e-type=\"container\">\n\t\t\t\t\t<div class=\"e-con-inner\">\n\t\t\t\t<div class=\"elementor-element elementor-element-7ee8ae8 elementor-widget elementor-widget-penci-block-heading\" data-id=\"7ee8ae8\" data-element_type=\"widget\" data-e-type=\"widget\" data-widget_type=\"penci-block-heading.default\">\n\t\t\t\t<div class=\"elementor-widget-container\">\n\t\t\t\t\t\t\t<div class=\"penci-border-arrow penci-homepage-title penci-home-latest-posts style-7 pcalign-center pciconp-right pcicon-right block-title-icon-left\">\n\t\t\t<h3 class=\"inner-arrow\">\n\t\t\t\t<span>\n\t\t\t\t<span>Dokumenti<\/span>\t\t\t\t<\/span>\n\t\t\t<\/h3>\n\t\t\t\t\t<\/div>\n\t\t\t\t\t\t<\/div>\n\t\t\t\t<\/div>\n\t\t\t\t\t<\/div>\n\t\t\t\t<\/div>\n\t\t<div class=\"elementor-element elementor-element-57f170d e-flex e-con-boxed e-con e-parent\" data-id=\"57f170d\" data-element_type=\"container\" data-e-type=\"container\">\n\t\t\t\t\t<div class=\"e-con-inner\">\n\t\t\t\t<div class=\"elementor-element elementor-element-e82060d elementor-widget elementor-widget-penci-text-block\" data-id=\"e82060d\" data-element_type=\"widget\" data-e-type=\"widget\" data-widget_type=\"penci-text-block.default\">\n\t\t\t\t<div class=\"elementor-widget-container\">\n\t\t\t\t\t\t\t<div class=\"penci-block-vc penci-text-editor\">\n\t\t\t\t\t\t<div class=\"penci-block_content\">\n\t\t\t\t<div class=\"elementor-text-editor elementor-clearfix\"><h6>Osnovni strana\u010dki dokumenti<\/h6><ul><li><a href=\"https:\/\/hsls.hr\/web\/wp-content\/uploads\/2023\/06\/eticki-kodeks-.pdf\">Eti\u010dki kodeks<\/a><\/li><li><a href=\"https:\/\/hsls.hr\/web\/wp-content\/uploads\/2023\/06\/Temeljna-nacela-Hrvatske-socijalno-liberalne-stranke.pdf\">Temeljna na\u010dela<\/a><\/li><li><a href=\"https:\/\/hsls.hr\/web\/wp-content\/uploads\/2024\/01\/Statut-HSLS-a-noveliran-2024.pdf\">Statut<\/a><\/li><li><a href=\"https:\/\/hsls.hr\/web\/wp-content\/uploads\/2023\/06\/pristupnica-hsls.pdf\">Pristupnica<\/a><\/li><li><a href=\"https:\/\/hsls.hr\/web\/wp-content\/uploads\/2023\/06\/znakovlje.zip\">Znakovlje HSLS-a<\/a><\/li><\/ul><h6>\u00a0<\/h6><h6>Dokumenti Oto\u010dac<\/h6><ul><li><a href=\"https:\/\/hsls.hr\/web\/wp-content\/uploads\/2024\/11\/Prijava-kandidature-Otocac.doc\">Prijava kandidature<\/a><\/li><li><a href=\"https:\/\/hsls.hr\/web\/wp-content\/uploads\/2024\/11\/Pravilnik-o-kandidiranju-Otocac.doc\">Pravilnik o kandidiranju<\/a><\/li><li><a href=\"https:\/\/hsls.hr\/web\/wp-content\/uploads\/2024\/11\/Dnevni-red-Otocac.doc\">Dnevni red<\/a><\/li><\/ul><h6>\u00a0<\/h6><h6>Deklaracije<\/h6><ul><li><a href=\"https:\/\/hsls.hr\/web\/wp-content\/uploads\/2023\/06\/deklaracija-hsls-a-o-reformi-lokalne-i-regionale-samouprave-2010.pdf\">Deklaracija HSLS-a o reformi lokalne i regionale samouprave 2010<\/a><\/li><li><a href=\"https:\/\/hsls.hr\/web\/wp-content\/uploads\/2023\/06\/Deklaracija-8.-sabora-HSLS-a-o-idejnom-i-politickom-otklonu-od-dvaju-totalitarizama-20.-stoljeca.pdf\">Deklaracija 8. sabora HSLS-a o idejnom i politi\u010dkom otklonu od dvaju totalitarizama 20. stolje\u0107a<\/a><\/li><\/ul><\/div>\n\t\t\t<\/div>\n\t\t<\/div>\n\t\t\t\t\t\t<\/div>\n\t\t\t\t<\/div>\n\t\t\t\t\t<\/div>\n\t\t\t\t<\/div>\n\t\t\t\t<\/div>\n\t\t","protected":false},"excerpt":{"rendered":"<p>Dokumenti Osnovni strana\u010dki dokumenti Eti\u010dki kodeks Temeljna na\u010dela Statut Pristupnica Znakovlje HSLS-a \u00a0 Dokumenti Oto\u010dac Prijava kandidature Pravilnik o kandidiranju Dnevni red \u00a0 Deklaracije Deklaracija HSLS-a o reformi lokalne i&hellip;<\/p>\n","protected":false},"author":1,"featured_media":0,"parent":0,"menu_order":0,"comment_status":"closed","ping_status":"closed","template":"page-fullwidth.php","meta":{"_lmt_disableupdate":"","_lmt_disable":"","footnotes":""},"class_list":["post-4032","page","type-page","status-publish","hentry"],"yoast_head":"<!-- This site is optimized with the Yoast SEO plugin v27.5 - https:\/\/yoast.com\/product\/yoast-seo-wordpress\/ -->\n<title>Dokumenti - HSLS<\/title>\n<meta name=\"robots\" content=\"index, follow, max-snippet:-1, max-image-preview:large, max-video-preview:-1\" \/>\n<link rel=\"canonical\" href=\"https:\/\/hsls.hr\/web\/dokumenti\/\" \/>\n<meta property=\"og:locale\" content=\"hr_HR\" \/>\n<meta property=\"og:type\" content=\"article\" \/>\n<meta property=\"og:title\" content=\"Dokumenti - HSLS\" \/>\n<meta property=\"og:description\" content=\"Dokumenti Osnovni strana\u010dki dokumenti Eti\u010dki kodeks Temeljna na\u010dela Statut Pristupnica Znakovlje HSLS-a \u00a0 Dokumenti Oto\u010dac Prijava kandidature Pravilnik o kandidiranju Dnevni red \u00a0 Deklaracije Deklaracija HSLS-a o reformi lokalne i&hellip;\" \/>\n<meta property=\"og:url\" content=\"https:\/\/hsls.hr\/web\/dokumenti\/\" \/>\n<meta property=\"og:site_name\" content=\"HSLS\" \/>\n<meta property=\"article:modified_time\" content=\"2024-11-27T15:02:10+00:00\" \/>\n<meta name=\"twitter:card\" content=\"summary_large_image\" \/>\n<meta name=\"twitter:label1\" content=\"Procijenjeno vrijeme \u010ditanja\" \/>\n\t<meta name=\"twitter:data1\" content=\"1 minuta\" \/>\n<script type=\"application\/ld+json\" class=\"yoast-schema-graph\">{\"@context\":\"https:\\\/\\\/schema.org\",\"@graph\":[{\"@type\":\"WebPage\",\"@id\":\"https:\\\/\\\/hsls.hr\\\/web\\\/dokumenti\\\/\",\"url\":\"https:\\\/\\\/hsls.hr\\\/web\\\/dokumenti\\\/\",\"name\":\"Dokumenti - HSLS\",\"isPartOf\":{\"@id\":\"https:\\\/\\\/hsls.hr\\\/web\\\/#website\"},\"datePublished\":\"2023-06-03T11:04:28+00:00\",\"dateModified\":\"2024-11-27T15:02:10+00:00\",\"breadcrumb\":{\"@id\":\"https:\\\/\\\/hsls.hr\\\/web\\\/dokumenti\\\/#breadcrumb\"},\"inLanguage\":\"hr\",\"potentialAction\":[{\"@type\":\"ReadAction\",\"target\":[\"https:\\\/\\\/hsls.hr\\\/web\\\/dokumenti\\\/\"]}]},{\"@type\":\"BreadcrumbList\",\"@id\":\"https:\\\/\\\/hsls.hr\\\/web\\\/dokumenti\\\/#breadcrumb\",\"itemListElement\":[{\"@type\":\"ListItem\",\"position\":1,\"name\":\"Po\u010detna stranica\",\"item\":\"https:\\\/\\\/hsls.hr\\\/web\\\/\"},{\"@type\":\"ListItem\",\"position\":2,\"name\":\"Dokumenti\"}]},{\"@type\":\"WebSite\",\"@id\":\"https:\\\/\\\/hsls.hr\\\/web\\\/#website\",\"url\":\"https:\\\/\\\/hsls.hr\\\/web\\\/\",\"name\":\"HSLS\",\"description\":\"Hrvatska socijalno-liberalna stranka\",\"potentialAction\":[{\"@type\":\"SearchAction\",\"target\":{\"@type\":\"EntryPoint\",\"urlTemplate\":\"https:\\\/\\\/hsls.hr\\\/web\\\/?s={search_term_string}\"},\"query-input\":{\"@type\":\"PropertyValueSpecification\",\"valueRequired\":true,\"valueName\":\"search_term_string\"}}],\"inLanguage\":\"hr\"}]}<\/script>\n<!-- \/ Yoast SEO plugin. -->","yoast_head_json":{"title":"Dokumenti - HSLS","robots":{"index":"index","follow":"follow","max-snippet":"max-snippet:-1","max-image-preview":"max-image-preview:large","max-video-preview":"max-video-preview:-1"},"canonical":"https:\/\/hsls.hr\/web\/dokumenti\/","og_locale":"hr_HR","og_type":"article","og_title":"Dokumenti - HSLS","og_description":"Dokumenti Osnovni strana\u010dki dokumenti Eti\u010dki kodeks Temeljna na\u010dela Statut Pristupnica Znakovlje HSLS-a \u00a0 Dokumenti Oto\u010dac Prijava kandidature Pravilnik o kandidiranju Dnevni red \u00a0 Deklaracije Deklaracija HSLS-a o reformi lokalne i&hellip;","og_url":"https:\/\/hsls.hr\/web\/dokumenti\/","og_site_name":"HSLS","article_modified_time":"2024-11-27T15:02:10+00:00","twitter_card":"summary_large_image","twitter_misc":{"Procijenjeno vrijeme \u010ditanja":"1 minuta"},"schema":{"@context":"https:\/\/schema.org","@graph":[{"@type":"WebPage","@id":"https:\/\/hsls.hr\/web\/dokumenti\/","url":"https:\/\/hsls.hr\/web\/dokumenti\/","name":"Dokumenti - HSLS","isPartOf":{"@id":"https:\/\/hsls.hr\/web\/#website"},"datePublished":"2023-06-03T11:04:28+00:00","dateModified":"2024-11-27T15:02:10+00:00","breadcrumb":{"@id":"https:\/\/hsls.hr\/web\/dokumenti\/#breadcrumb"},"inLanguage":"hr","potentialAction":[{"@type":"ReadAction","target":["https:\/\/hsls.hr\/web\/dokumenti\/"]}]},{"@type":"BreadcrumbList","@id":"https:\/\/hsls.hr\/web\/dokumenti\/#breadcrumb","itemListElement":[{"@type":"ListItem","position":1,"name":"Po\u010detna stranica","item":"https:\/\/hsls.hr\/web\/"},{"@type":"ListItem","position":2,"name":"Dokumenti"}]},{"@type":"WebSite","@id":"https:\/\/hsls.hr\/web\/#website","url":"https:\/\/hsls.hr\/web\/","name":"HSLS","description":"Hrvatska socijalno-liberalna stranka","potentialAction":[{"@type":"SearchAction","target":{"@type":"EntryPoint","urlTemplate":"https:\/\/hsls.hr\/web\/?s={search_term_string}"},"query-input":{"@type":"PropertyValueSpecification","valueRequired":true,"valueName":"search_term_string"}}],"inLanguage":"hr"}]}},"_links":{"self":[{"href":"https:\/\/hsls.hr\/web\/wp-json\/wp\/v2\/pages\/4032","targetHints":{"allow":["GET"]}}],"collection":[{"href":"https:\/\/hsls.hr\/web\/wp-json\/wp\/v2\/pages"}],"about":[{"href":"https:\/\/hsls.hr\/web\/wp-json\/wp\/v2\/types\/page"}],"author":[{"embeddable":true,"href":"https:\/\/hsls.hr\/web\/wp-json\/wp\/v2\/users\/1"}],"replies":[{"embeddable":true,"href":"https:\/\/hsls.hr\/web\/wp-json\/wp\/v2\/comments?post=4032"}],"version-history":[{"count":76,"href":"https:\/\/hsls.hr\/web\/wp-json\/wp\/v2\/pages\/4032\/revisions"}],"predecessor-version":[{"id":6398,"href":"https:\/\/hsls.hr\/web\/wp-json\/wp\/v2\/pages\/4032\/revisions\/6398"}],"wp:attachment":[{"href":"https:\/\/hsls.hr\/web\/wp-json\/wp\/v2\/media?parent=4032"}],"curies":[{"name":"wp","href":"https:\/\/api.w.org\/{rel}","templated":true}]}}